{"id":10496,"date":"2025-12-20T16:51:52","date_gmt":"2025-12-20T16:51:52","guid":{"rendered":"https:\/\/julianaambrosio.com.br\/?page_id=10496"},"modified":"2026-01-05T15:45:38","modified_gmt":"2026-01-05T15:45:38","slug":"politica-de-privacidade","status":"publish","type":"page","link":"https:\/\/julianaambrosio.com.br\/?page_id=10496","title":{"rendered":"Pol\u00edtica de Privacidade"},"content":{"rendered":"\t\t<div data-elementor-type=\"wp-page\" data-elementor-id=\"10496\" class=\"elementor elementor-10496\">\n\t\t\t\t<div class=\"elementor-element elementor-element-30d1f7ca e-flex e-con-boxed wpr-particle-no wpr-jarallax-no wpr-parallax-no wpr-sticky-section-no wpr-equal-height-no e-con e-parent\" data-id=\"30d1f7ca\" data-element_type=\"container\" data-e-type=\"container\">\n\t\t\t\t\t<div class=\"e-con-inner\">\n\t\t\t\t<div class=\"elementor-element elementor-element-785462d5 elementor-widget elementor-widget-text-editor\" data-id=\"785462d5\" data-element_type=\"widget\" data-e-type=\"widget\" data-widget_type=\"text-editor.default\">\n\t\t\t\t\t\t\t\t\t<h1><span style=\"font-size: 1rem;\">\u00daltima atualiza\u00e7\u00e3o: Dezembro de 2025<\/span><\/h1>\n<p>A sua privacidade \u00e9 importante para n\u00f3s. \u00c9 pol\u00edtica do blog Juliana Ambrosio (https:\/\/julianaambrosio.com.br) respeitar a sua privacidade em rela\u00e7\u00e3o a qualquer informa\u00e7\u00e3o que possamos coletar no site.<\/p>\n<p>Esta pol\u00edtica descreve como os seus dados pessoais s\u00e3o coletados, usados e compartilhados quando voc\u00ea visita ou interage com o nosso conte\u00fado.<\/p>\n<p><b>1. Quem somos<\/b><\/p><p>O endere\u00e7o do nosso site \u00e9: https:\/\/julianaambrosio.com.br. Este blog \u00e9 gerenciado por Juliana Ambr\u00f3sio, atuando como Controladora dos dados pessoais aqui coletados.<\/p>\n<p><b>2. Quais dados coletamos e por qu\u00ea<\/b><\/p><p>Coletamos informa\u00e7\u00f5es para fornecer melhores servi\u00e7os a todos os nossos usu\u00e1rios. As informa\u00e7\u00f5es coletadas incluem:<\/p>\n<p>2.1. Coment\u00e1rios<\/p><p>Quando os visitantes deixam coment\u00e1rios no site, coletamos os dados mostrados no formul\u00e1rio de coment\u00e1rios (Nome, E-mail e Site), al\u00e9m do endere\u00e7o de IP do visitante e dados do navegador para auxiliar na detec\u00e7\u00e3o de spam.<\/p>\n<p>2.2. Formul\u00e1rios de Contato e Newsletters<\/p><p>Se voc\u00ea se cadastrar em nossa newsletter ou preencher um formul\u00e1rio de contato\/download de materiais (Iscas Digitais, E-books), coletaremos informa\u00e7\u00f5es como:<\/p>\n<p>Nome completo;<\/p>\n<p>Endere\u00e7o de e-mail;<\/p>\n<p>Telefone (se aplic\u00e1vel).<\/p>\n<p>Finalidade: Esses dados s\u00e3o usados para enviar as informa\u00e7\u00f5es solicitadas, responder a d\u00favidas e enviar comunica\u00e7\u00f5es de marketing (newsletter), desde que voc\u00ea tenha dado consentimento.<\/p>\n<p>2.3. Cookies e Dados de Navega\u00e7\u00e3o<\/p><p>Utilizamos cookies para melhorar a experi\u00eancia do usu\u00e1rio. Isso inclui:<\/p>\n<p>Cookies essenciais: Necess\u00e1rios para o funcionamento do site.<\/p>\n<p>Cookies de an\u00e1lise (Google Analytics): Coletam dados an\u00f4nimos sobre como voc\u00ea navega (p\u00e1ginas visitadas, tempo de perman\u00eancia, origem do tr\u00e1fego) para que possamos melhorar o conte\u00fado.<\/p>\n<p>Cookies de marketing (Pixel do Meta\/Facebook\/Google Ads): Usados para rastrear visitantes em sites. A inten\u00e7\u00e3o \u00e9 exibir an\u00fancios relevantes para o usu\u00e1rio individual.<\/p>\n<p><b>3. M\u00eddia Incorporada de outros sites<\/b><\/p><p>Artigos neste site podem incluir conte\u00fado incorporado (por exemplo, v\u00eddeos do YouTube, imagens, artigos, etc.). O conte\u00fado incorporado de outros sites se comporta exatamente da mesma maneira como se o visitante tivesse visitado o outro site.<\/p>\n<p>Estes sites podem coletar dados sobre voc\u00ea, usar cookies, incorporar rastreamento adicional de terceiros e monitorar sua intera\u00e7\u00e3o com esse conte\u00fado incorporado.<\/p>\n<p><b>4. Com quem compartilhamos seus dados<\/b><\/p><p>N\u00f3s n\u00e3o vendemos seus dados pessoais. No entanto, podemos compartilhar informa\u00e7\u00f5es com prestadores de servi\u00e7os terceirizados que nos ajudam a operar o blog, tais como:<\/p>\n<p>Ferramentas de Automa\u00e7\u00e3o de Marketing: (Ex: RD Station, Mailchimp, ActiveCampaign) para envio de e-mails.<\/p>\n<p>An\u00e1lise de Dados: Google Analytics.<\/p>\n<p>Prote\u00e7\u00e3o contra Spam: Servi\u00e7os como o Akismet (para coment\u00e1rios).<\/p>\n<p>Todos os parceiros s\u00e3o selecionados com base em sua conformidade com as leis de prote\u00e7\u00e3o de dados.<\/p>\n<p><b>5. Por quanto tempo mantemos os seus dados<\/b><\/p><p>Coment\u00e1rios: Se voc\u00ea deixar um coment\u00e1rio, o coment\u00e1rio e seus metadados s\u00e3o conservados indefinidamente. Isso acontece para que possamos reconhecer e aprovar automaticamente qualquer coment\u00e1rio posterior.<\/p>\n<p>Newsletter\/Marketing: Mantemos seus dados enquanto voc\u00ea tiver interesse em receber nossos conte\u00fados. Voc\u00ea pode se descadastrar a qualquer momento atrav\u00e9s do link no rodap\u00e9 dos e-mails.<\/p>\n<p><b>6. Seus Direitos (LGPD)<\/b><\/p><p>Como titular dos dados, a Lei Geral de Prote\u00e7\u00e3o de Dados (LGPD) garante a voc\u00ea os seguintes direitos:<\/p>\n<p>Confirma\u00e7\u00e3o e Acesso: Saber se tratamos seus dados e solicitar uma c\u00f3pia deles.<\/p>\n<p>Corre\u00e7\u00e3o: Solicitar a corre\u00e7\u00e3o de dados incompletos, inexatos ou desatualizados.<\/p>\n<p>Anonimiza\u00e7\u00e3o, Bloqueio ou Elimina\u00e7\u00e3o: Pedir a exclus\u00e3o de dados desnecess\u00e1rios ou tratados em desconformidade com a lei.<\/p>\n<p>Portabilidade: Solicitar a transfer\u00eancia dos seus dados a outro fornecedor de servi\u00e7o.<\/p>\n<p>Revoga\u00e7\u00e3o do Consentimento: A qualquer momento, voc\u00ea pode retirar o consentimento para o uso de seus dados (ex: sair da newsletter).<\/p>\n<p><b>7. Seguran\u00e7a<\/b><\/p><p>Adotamos medidas de seguran\u00e7a adequadas para proteger contra acesso n\u00e3o autorizado, altera\u00e7\u00e3o, divulga\u00e7\u00e3o ou destrui\u00e7\u00e3o dos seus dados pessoais, incluindo o uso de certificado SSL (o cadeado verde na barra de endere\u00e7o) para criptografar a conex\u00e3o.<\/p>\n<p><b>8. Altera\u00e7\u00f5es nesta Pol\u00edtica<\/b><\/p><p>Podemos atualizar nossa Pol\u00edtica de Privacidade periodicamente para refletir, por exemplo, mudan\u00e7as em nossas pr\u00e1ticas ou por outras raz\u00f5es operacionais, legais ou regulamentares. Recomendamos que revise esta p\u00e1gina frequentemente.<\/p>\n<p><b>9. Informa\u00e7\u00f5es de Contato<\/b><\/p><p>Para exercer seus direitos de titular ou se tiver d\u00favidas sobre esta Pol\u00edtica de Privacidade, entre em contato conosco atrav\u00e9s do e-mail:<\/p>\n<p>contato@julianaambrosio.com.br<\/p>\t\t\t\t\t\t\t\t<\/div>\n\t\t\t\t\t<\/div>\n\t\t\t\t<\/div>\n\t\t\t\t<\/div>\n\t\t","protected":false},"excerpt":{"rendered":"<p>\u00daltima atualiza\u00e7\u00e3o: Dezembro de 2025 A sua privacidade \u00e9 importante para n\u00f3s. \u00c9 pol\u00edtica do blog Juliana Ambrosio (https:\/\/julianaambrosio.com.br) respeitar a sua privacidade em rela\u00e7\u00e3o a qualquer informa\u00e7\u00e3o que possamos coletar no site. Esta pol\u00edtica descreve como os seus dados pessoais s\u00e3o coletados, usados e compartilhados quando voc\u00ea visita ou interage com o nosso conte\u00fado. 1. Quem somos O endere\u00e7o do nosso site \u00e9: https:\/\/julianaambrosio.com.br. Este blog \u00e9 gerenciado por Juliana Ambr\u00f3sio, atuando como Controladora dos dados pessoais aqui coletados. 2. Quais dados coletamos e por qu\u00ea Coletamos informa\u00e7\u00f5es para fornecer melhores servi\u00e7os a todos os nossos usu\u00e1rios. As informa\u00e7\u00f5es coletadas incluem: 2.1. Coment\u00e1rios Quando os visitantes deixam coment\u00e1rios no site, coletamos os dados mostrados no formul\u00e1rio de coment\u00e1rios (Nome, E-mail e Site), al\u00e9m do endere\u00e7o de IP do visitante e dados do navegador para auxiliar na detec\u00e7\u00e3o de spam. 2.2. Formul\u00e1rios de Contato e Newsletters Se voc\u00ea se cadastrar em nossa newsletter ou preencher um formul\u00e1rio de contato\/download de materiais (Iscas Digitais, E-books), coletaremos informa\u00e7\u00f5es como: Nome completo; Endere\u00e7o de e-mail; Telefone (se aplic\u00e1vel). Finalidade: Esses dados s\u00e3o usados para enviar as informa\u00e7\u00f5es solicitadas, responder a d\u00favidas e enviar comunica\u00e7\u00f5es de marketing (newsletter), desde que voc\u00ea tenha dado consentimento. 2.3. Cookies e Dados de Navega\u00e7\u00e3o Utilizamos cookies para melhorar a experi\u00eancia do usu\u00e1rio. Isso inclui: Cookies essenciais: Necess\u00e1rios para o funcionamento do site. Cookies de an\u00e1lise (Google Analytics): Coletam dados an\u00f4nimos sobre como voc\u00ea navega (p\u00e1ginas visitadas, tempo de perman\u00eancia, origem do tr\u00e1fego) para que possamos melhorar o conte\u00fado. Cookies de marketing (Pixel do Meta\/Facebook\/Google Ads): Usados para rastrear visitantes em sites. A inten\u00e7\u00e3o \u00e9 exibir an\u00fancios relevantes para o usu\u00e1rio individual. 3. M\u00eddia Incorporada de outros sites Artigos neste site podem incluir conte\u00fado incorporado (por exemplo, v\u00eddeos do YouTube, imagens, artigos, etc.). O conte\u00fado incorporado de outros sites se comporta exatamente da mesma maneira como se o visitante tivesse visitado o outro site. Estes sites podem coletar dados sobre voc\u00ea, usar cookies, incorporar rastreamento adicional de terceiros e monitorar sua intera\u00e7\u00e3o com esse conte\u00fado incorporado. 4. Com quem compartilhamos seus dados N\u00f3s n\u00e3o vendemos seus dados pessoais. No entanto, podemos compartilhar informa\u00e7\u00f5es com prestadores de servi\u00e7os terceirizados que nos ajudam a operar o blog, tais como: Ferramentas de Automa\u00e7\u00e3o de Marketing: (Ex: RD Station, Mailchimp, ActiveCampaign) para envio de e-mails. An\u00e1lise de Dados: Google Analytics. Prote\u00e7\u00e3o contra Spam: Servi\u00e7os como o Akismet (para coment\u00e1rios). Todos os parceiros s\u00e3o selecionados com base em sua conformidade com as leis de prote\u00e7\u00e3o de dados. 5. Por quanto tempo mantemos os seus dados Coment\u00e1rios: Se voc\u00ea deixar um coment\u00e1rio, o coment\u00e1rio e seus metadados s\u00e3o conservados indefinidamente. Isso acontece para que possamos reconhecer e aprovar automaticamente qualquer coment\u00e1rio posterior. Newsletter\/Marketing: Mantemos seus dados enquanto voc\u00ea tiver interesse em receber nossos conte\u00fados. Voc\u00ea pode se descadastrar a qualquer momento atrav\u00e9s do link no rodap\u00e9 dos e-mails. 6. Seus Direitos (LGPD) Como titular dos dados, a Lei Geral de Prote\u00e7\u00e3o de Dados (LGPD) garante a voc\u00ea os seguintes direitos: Confirma\u00e7\u00e3o e Acesso: Saber se tratamos seus dados e solicitar uma c\u00f3pia deles. Corre\u00e7\u00e3o: Solicitar a corre\u00e7\u00e3o de dados incompletos, inexatos ou desatualizados. Anonimiza\u00e7\u00e3o, Bloqueio ou Elimina\u00e7\u00e3o: Pedir a exclus\u00e3o de dados desnecess\u00e1rios ou tratados em desconformidade com a lei. Portabilidade: Solicitar a transfer\u00eancia dos seus dados a outro fornecedor de servi\u00e7o. Revoga\u00e7\u00e3o do Consentimento: A qualquer momento, voc\u00ea pode retirar o consentimento para o uso de seus dados (ex: sair da newsletter). 7. Seguran\u00e7a Adotamos medidas de seguran\u00e7a adequadas para proteger contra acesso n\u00e3o autorizado, altera\u00e7\u00e3o, divulga\u00e7\u00e3o ou destrui\u00e7\u00e3o dos seus dados pessoais, incluindo o uso de certificado SSL (o cadeado verde na barra de endere\u00e7o) para criptografar a conex\u00e3o. 8. Altera\u00e7\u00f5es nesta Pol\u00edtica Podemos atualizar nossa Pol\u00edtica de Privacidade periodicamente para refletir, por exemplo, mudan\u00e7as em nossas pr\u00e1ticas ou por outras raz\u00f5es operacionais, legais ou regulamentares. Recomendamos que revise esta p\u00e1gina frequentemente. 9. Informa\u00e7\u00f5es de Contato Para exercer seus direitos de titular ou se tiver d\u00favidas sobre esta Pol\u00edtica de Privacidade, entre em contato conosco atrav\u00e9s do e-mail: contato@julianaambrosio.com.br<\/p>\n","protected":false},"author":1,"featured_media":0,"parent":0,"menu_order":0,"comment_status":"closed","ping_status":"closed","template":"","meta":{"footnotes":""},"class_list":["post-10496","page","type-page","status-publish","hentry"],"_links":{"self":[{"href":"https:\/\/julianaambrosio.com.br\/index.php?rest_route=\/wp\/v2\/pages\/10496","targetHints":{"allow":["GET"]}}],"collection":[{"href":"https:\/\/julianaambrosio.com.br\/index.php?rest_route=\/wp\/v2\/pages"}],"about":[{"href":"https:\/\/julianaambrosio.com.br\/index.php?rest_route=\/wp\/v2\/types\/page"}],"author":[{"embeddable":true,"href":"https:\/\/julianaambrosio.com.br\/index.php?rest_route=\/wp\/v2\/users\/1"}],"replies":[{"embeddable":true,"href":"https:\/\/julianaambrosio.com.br\/index.php?rest_route=%2Fwp%2Fv2%2Fcomments&post=10496"}],"version-history":[{"count":0,"href":"https:\/\/julianaambrosio.com.br\/index.php?rest_route=\/wp\/v2\/pages\/10496\/revisions"}],"wp:attachment":[{"href":"https:\/\/julianaambrosio.com.br\/index.php?rest_route=%2Fwp%2Fv2%2Fmedia&parent=10496"}],"curies":[{"name":"wp","href":"https:\/\/api.w.org\/{rel}","templated":true}]}}