{"id":10511,"date":"2025-12-20T16:50:08","date_gmt":"2025-12-20T16:50:08","guid":{"rendered":"https:\/\/julianaambrosio.com.br\/?page_id=10511"},"modified":"2026-01-05T15:43:04","modified_gmt":"2026-01-05T15:43:04","slug":"politica-de-cookies","status":"publish","type":"page","link":"https:\/\/julianaambrosio.com.br\/?page_id=10511","title":{"rendered":"Pol\u00edtica de Cookies"},"content":{"rendered":"\t\t<div data-elementor-type=\"wp-page\" data-elementor-id=\"10511\" class=\"elementor elementor-10511\">\n\t\t\t\t<div class=\"elementor-element elementor-element-3e121495 e-flex e-con-boxed wpr-particle-no wpr-jarallax-no wpr-parallax-no wpr-sticky-section-no wpr-equal-height-no e-con e-parent\" data-id=\"3e121495\" data-element_type=\"container\" data-e-type=\"container\">\n\t\t\t\t\t<div class=\"e-con-inner\">\n\t\t\t\t<div class=\"elementor-element elementor-element-1a13a779 elementor-widget elementor-widget-text-editor\" data-id=\"1a13a779\" data-element_type=\"widget\" data-e-type=\"widget\" data-widget_type=\"text-editor.default\">\n\t\t\t\t\t\t\t\t\t<h1>Pol\u00edtica de Cookies<\/h1><p>\u00daltima atualiza\u00e7\u00e3o: Dezembro de 2025<\/p><p>Esta Pol\u00edtica de Cookies explica o que s\u00e3o cookies e como n\u00f3s, do blog Juliana Ambrosio (https:\/\/julianaambrosio.com.br), os utilizamos. Voc\u00ea deve ler esta pol\u00edtica para entender que tipo de informa\u00e7\u00f5es coletamos e como controlar suas prefer\u00eancias de cookies.<\/p><p><b>1. O que s\u00e3o Cookies?<\/b><\/p><p>Cookies s\u00e3o pequenos arquivos de texto que s\u00e3o armazenados no seu computador ou dispositivo m\u00f3vel quando voc\u00ea visita um site. Eles s\u00e3o amplamente utilizados para fazer os sites funcionarem de maneira mais eficiente, bem como para fornecer informa\u00e7\u00f5es aos propriet\u00e1rios do site.<\/p><p>Os cookies n\u00e3o transferem v\u00edrus ou malware para o seu computador. Eles permitem que o nosso site se &#8220;lembre&#8221; das suas a\u00e7\u00f5es e prefer\u00eancias (como login, idioma, tamanho da fonte e outras prefer\u00eancias de exibi\u00e7\u00e3o) durante um per\u00edodo de tempo, para que voc\u00ea n\u00e3o precise digit\u00e1-las novamente sempre que retornar.<\/p><p><b>2. Como utilizamos os Cookies?<\/b><\/p><p>Utilizamos cookies por v\u00e1rios motivos, detalhados abaixo. Infelizmente, na maioria dos casos, n\u00e3o existem op\u00e7\u00f5es padr\u00e3o do setor para desativar os cookies sem desativar completamente a funcionalidade e os recursos que eles adicionam a este site. \u00c9 recomend\u00e1vel que voc\u00ea deixe todos os cookies se n\u00e3o tiver certeza se precisa ou n\u00e3o deles, caso sejam usados para fornecer um servi\u00e7o que voc\u00ea usa.<\/p><p><b>3. Tipos de Cookies que utilizamos<\/b><\/p><p>3.1. Cookies Essenciais (Estritamente Necess\u00e1rios)<\/p><p>Estes cookies s\u00e3o necess\u00e1rios para o funcionamento do site e n\u00e3o podem ser desativados em nossos sistemas. Eles geralmente s\u00e3o definidos apenas em resposta a a\u00e7\u00f5es feitas por voc\u00ea, como:<\/p><p>Configura\u00e7\u00e3o de prefer\u00eancias de privacidade;<\/p><p>Login na \u00e1rea administrativa (se aplic\u00e1vel);<\/p><p>Preenchimento de formul\u00e1rios.<\/p><p>Exemplo: Cookies de sess\u00e3o do WordPress que verificam se voc\u00ea est\u00e1 logado.<\/p><p><b>3.2. Cookies de Desempenho e An\u00e1lise<\/b><\/p><p>Estes cookies nos permitem contar visitas e fontes de tr\u00e1fego para que possamos medir e melhorar o desempenho do nosso site. Eles nos ajudam a saber quais p\u00e1ginas s\u00e3o as mais e menos populares e ver como os visitantes se movimentam pelo site.<\/p><p>Ferramenta principal: Google Analytics.<\/p><p>Dados coletados: Todas as informa\u00e7\u00f5es recolhidas por estes cookies s\u00e3o agregadas e, portanto, an\u00f4nimas.<\/p><p><b>3.3. Cookies de Funcionalidade<\/b><\/p><p>Estes cookies permitem que o site forne\u00e7a funcionalidade e personaliza\u00e7\u00e3o aprimoradas. Podem ser definidos por n\u00f3s ou por fornecedores terceiros cujos servi\u00e7os adicionamos \u00e0s nossas p\u00e1ginas.<\/p><p>Exemplo: Quando voc\u00ea deixa um coment\u00e1rio e marca a op\u00e7\u00e3o &#8220;Salvar meus dados para a pr\u00f3xima vez&#8221;, um cookie \u00e9 criado para guardar seu nome e e-mail no navegador para facilitar futuros coment\u00e1rios.<\/p><p><b>3.4. Cookies de Publicidade e Marketing<\/b><\/p><p>Podem ser definidos atrav\u00e9s do nosso site pelos nossos parceiros de publicidade. Podem ser usados por essas empresas para construir um perfil sobre os seus interesses e mostrar-lhe an\u00fancios relevantes em outros sites.<\/p><p>Ferramentas comuns: Google Ads, Meta Pixel (Facebook\/Instagram).<\/p><p>Funcionamento: Eles n\u00e3o armazenam diretamente informa\u00e7\u00f5es pessoais, mas s\u00e3o baseados na identifica\u00e7\u00e3o exclusiva do seu navegador e dispositivo de internet. Se n\u00e3o permitir estes cookies, ter\u00e1 menos publicidade direcionada.<\/p><p><b>4. Cookies de Terceiros<\/b><\/p><p>Em alguns casos especiais, tamb\u00e9m usamos cookies fornecidos por terceiros confi\u00e1veis. O nosso site utiliza servi\u00e7os como:<\/p><p>YouTube\/Vimeo: Para v\u00eddeos incorporados em artigos.<\/p><p>Bot\u00f5es de Redes Sociais: Para permitir que voc\u00ea curta ou compartilhe conte\u00fado no LinkedIn, Facebook, Instagram ou WhatsApp.<\/p><p>Esses sites terceiros podem definir seus pr\u00f3prios cookies sobre os quais n\u00e3o temos controle total. Recomendamos verificar as pol\u00edticas de privacidade desses sites.<\/p><p><b>5. Como gerenciar ou desativar Cookies<\/b><\/p><p>Voc\u00ea pode impedir a configura\u00e7\u00e3o de cookies ajustando as configura\u00e7\u00f5es do seu navegador. Esteja ciente de que a desativa\u00e7\u00e3o de cookies afetar\u00e1 a funcionalidade deste e de muitos outros sites que voc\u00ea visita.<\/p><p>Aqui est\u00e3o os links para gerenciar cookies nos navegadores mais populares:<\/p><p>Google Chrome<\/p><p>Mozilla Firefox<\/p><p>Safari<\/p><p>Microsoft Edge<\/p><p>Al\u00e9m disso, voc\u00ea pode optar por sair do rastreamento do Google Analytics instalando o Add-on do navegador para desativa\u00e7\u00e3o do Google Analytics.<\/p><p><b>6. Mais informa\u00e7\u00f5es<\/b><\/p><p>Esperamos que isso tenha esclarecido as coisas para voc\u00ea. Como mencionado anteriormente, se houver algo que voc\u00ea n\u00e3o tem certeza se precisa ou n\u00e3o, geralmente \u00e9 mais seguro deixar os cookies ativados caso interaja com um dos recursos que voc\u00ea usa em nosso site.<\/p><p>Para mais informa\u00e7\u00f5es sobre como tratamos seus dados pessoais, consulte nossa <a href=\"https:\/\/julianaambrosio.com.br\/?page_id=10496&amp;post_type=page&amp;preview=true\" target=\"_blank\" rel=\"noopener\">Pol\u00edtica de Privacidade.<\/a><\/p><p>Se voc\u00ea ainda estiver procurando por mais informa\u00e7\u00f5es, pode entrar em contato conosco atrav\u00e9s do e-mail:<\/p><p>contato@julianaambrosio.com.br<\/p>\t\t\t\t\t\t\t\t<\/div>\n\t\t\t\t\t<\/div>\n\t\t\t\t<\/div>\n\t\t\t\t<\/div>\n\t\t","protected":false},"excerpt":{"rendered":"<p>Pol\u00edtica de Cookies \u00daltima atualiza\u00e7\u00e3o: Dezembro de 2025 Esta Pol\u00edtica de Cookies explica o que s\u00e3o cookies e como n\u00f3s, do blog Juliana Ambrosio (https:\/\/julianaambrosio.com.br), os utilizamos. Voc\u00ea deve ler esta pol\u00edtica para entender que tipo de informa\u00e7\u00f5es coletamos e como controlar suas prefer\u00eancias de cookies. 1. O que s\u00e3o Cookies? Cookies s\u00e3o pequenos arquivos de texto que s\u00e3o armazenados no seu computador ou dispositivo m\u00f3vel quando voc\u00ea visita um site. Eles s\u00e3o amplamente utilizados para fazer os sites funcionarem de maneira mais eficiente, bem como para fornecer informa\u00e7\u00f5es aos propriet\u00e1rios do site. Os cookies n\u00e3o transferem v\u00edrus ou malware para o seu computador. Eles permitem que o nosso site se &#8220;lembre&#8221; das suas a\u00e7\u00f5es e prefer\u00eancias (como login, idioma, tamanho da fonte e outras prefer\u00eancias de exibi\u00e7\u00e3o) durante um per\u00edodo de tempo, para que voc\u00ea n\u00e3o precise digit\u00e1-las novamente sempre que retornar. 2. Como utilizamos os Cookies? Utilizamos cookies por v\u00e1rios motivos, detalhados abaixo. Infelizmente, na maioria dos casos, n\u00e3o existem op\u00e7\u00f5es padr\u00e3o do setor para desativar os cookies sem desativar completamente a funcionalidade e os recursos que eles adicionam a este site. \u00c9 recomend\u00e1vel que voc\u00ea deixe todos os cookies se n\u00e3o tiver certeza se precisa ou n\u00e3o deles, caso sejam usados para fornecer um servi\u00e7o que voc\u00ea usa. 3. Tipos de Cookies que utilizamos 3.1. Cookies Essenciais (Estritamente Necess\u00e1rios) Estes cookies s\u00e3o necess\u00e1rios para o funcionamento do site e n\u00e3o podem ser desativados em nossos sistemas. Eles geralmente s\u00e3o definidos apenas em resposta a a\u00e7\u00f5es feitas por voc\u00ea, como: Configura\u00e7\u00e3o de prefer\u00eancias de privacidade; Login na \u00e1rea administrativa (se aplic\u00e1vel); Preenchimento de formul\u00e1rios. Exemplo: Cookies de sess\u00e3o do WordPress que verificam se voc\u00ea est\u00e1 logado. 3.2. Cookies de Desempenho e An\u00e1lise Estes cookies nos permitem contar visitas e fontes de tr\u00e1fego para que possamos medir e melhorar o desempenho do nosso site. Eles nos ajudam a saber quais p\u00e1ginas s\u00e3o as mais e menos populares e ver como os visitantes se movimentam pelo site. Ferramenta principal: Google Analytics. Dados coletados: Todas as informa\u00e7\u00f5es recolhidas por estes cookies s\u00e3o agregadas e, portanto, an\u00f4nimas. 3.3. Cookies de Funcionalidade Estes cookies permitem que o site forne\u00e7a funcionalidade e personaliza\u00e7\u00e3o aprimoradas. Podem ser definidos por n\u00f3s ou por fornecedores terceiros cujos servi\u00e7os adicionamos \u00e0s nossas p\u00e1ginas. Exemplo: Quando voc\u00ea deixa um coment\u00e1rio e marca a op\u00e7\u00e3o &#8220;Salvar meus dados para a pr\u00f3xima vez&#8221;, um cookie \u00e9 criado para guardar seu nome e e-mail no navegador para facilitar futuros coment\u00e1rios. 3.4. Cookies de Publicidade e Marketing Podem ser definidos atrav\u00e9s do nosso site pelos nossos parceiros de publicidade. Podem ser usados por essas empresas para construir um perfil sobre os seus interesses e mostrar-lhe an\u00fancios relevantes em outros sites. Ferramentas comuns: Google Ads, Meta Pixel (Facebook\/Instagram). Funcionamento: Eles n\u00e3o armazenam diretamente informa\u00e7\u00f5es pessoais, mas s\u00e3o baseados na identifica\u00e7\u00e3o exclusiva do seu navegador e dispositivo de internet. Se n\u00e3o permitir estes cookies, ter\u00e1 menos publicidade direcionada. 4. Cookies de Terceiros Em alguns casos especiais, tamb\u00e9m usamos cookies fornecidos por terceiros confi\u00e1veis. O nosso site utiliza servi\u00e7os como: YouTube\/Vimeo: Para v\u00eddeos incorporados em artigos. Bot\u00f5es de Redes Sociais: Para permitir que voc\u00ea curta ou compartilhe conte\u00fado no LinkedIn, Facebook, Instagram ou WhatsApp. Esses sites terceiros podem definir seus pr\u00f3prios cookies sobre os quais n\u00e3o temos controle total. Recomendamos verificar as pol\u00edticas de privacidade desses sites. 5. Como gerenciar ou desativar Cookies Voc\u00ea pode impedir a configura\u00e7\u00e3o de cookies ajustando as configura\u00e7\u00f5es do seu navegador. Esteja ciente de que a desativa\u00e7\u00e3o de cookies afetar\u00e1 a funcionalidade deste e de muitos outros sites que voc\u00ea visita. Aqui est\u00e3o os links para gerenciar cookies nos navegadores mais populares: Google Chrome Mozilla Firefox Safari Microsoft Edge Al\u00e9m disso, voc\u00ea pode optar por sair do rastreamento do Google Analytics instalando o Add-on do navegador para desativa\u00e7\u00e3o do Google Analytics. 6. Mais informa\u00e7\u00f5es Esperamos que isso tenha esclarecido as coisas para voc\u00ea. Como mencionado anteriormente, se houver algo que voc\u00ea n\u00e3o tem certeza se precisa ou n\u00e3o, geralmente \u00e9 mais seguro deixar os cookies ativados caso interaja com um dos recursos que voc\u00ea usa em nosso site. Para mais informa\u00e7\u00f5es sobre como tratamos seus dados pessoais, consulte nossa Pol\u00edtica de Privacidade. Se voc\u00ea ainda estiver procurando por mais informa\u00e7\u00f5es, pode entrar em contato conosco atrav\u00e9s do e-mail: contato@julianaambrosio.com.br<\/p>\n","protected":false},"author":1,"featured_media":0,"parent":0,"menu_order":0,"comment_status":"closed","ping_status":"closed","template":"elementor_header_footer","meta":{"footnotes":""},"class_list":["post-10511","page","type-page","status-publish","hentry"],"_links":{"self":[{"href":"https:\/\/julianaambrosio.com.br\/index.php?rest_route=\/wp\/v2\/pages\/10511","targetHints":{"allow":["GET"]}}],"collection":[{"href":"https:\/\/julianaambrosio.com.br\/index.php?rest_route=\/wp\/v2\/pages"}],"about":[{"href":"https:\/\/julianaambrosio.com.br\/index.php?rest_route=\/wp\/v2\/types\/page"}],"author":[{"embeddable":true,"href":"https:\/\/julianaambrosio.com.br\/index.php?rest_route=\/wp\/v2\/users\/1"}],"replies":[{"embeddable":true,"href":"https:\/\/julianaambrosio.com.br\/index.php?rest_route=%2Fwp%2Fv2%2Fcomments&post=10511"}],"version-history":[{"count":0,"href":"https:\/\/julianaambrosio.com.br\/index.php?rest_route=\/wp\/v2\/pages\/10511\/revisions"}],"wp:attachment":[{"href":"https:\/\/julianaambrosio.com.br\/index.php?rest_route=%2Fwp%2Fv2%2Fmedia&parent=10511"}],"curies":[{"name":"wp","href":"https:\/\/api.w.org\/{rel}","templated":true}]}}