{"id":10517,"date":"2025-12-20T16:54:24","date_gmt":"2025-12-20T16:54:24","guid":{"rendered":"https:\/\/julianaambrosio.com.br\/?page_id=10517"},"modified":"2026-01-05T15:49:54","modified_gmt":"2026-01-05T15:49:54","slug":"termos-de-uso","status":"publish","type":"page","link":"https:\/\/julianaambrosio.com.br\/?page_id=10517","title":{"rendered":"Termos de Uso"},"content":{"rendered":"\t\t<div data-elementor-type=\"wp-page\" data-elementor-id=\"10517\" class=\"elementor elementor-10517\">\n\t\t\t\t<div class=\"elementor-element elementor-element-32dafc09 e-flex e-con-boxed wpr-particle-no wpr-jarallax-no wpr-parallax-no wpr-sticky-section-no wpr-equal-height-no e-con e-parent\" data-id=\"32dafc09\" data-element_type=\"container\" data-e-type=\"container\">\n\t\t\t\t\t<div class=\"e-con-inner\">\n\t\t\t\t<div class=\"elementor-element elementor-element-7ced2c54 elementor-widget elementor-widget-text-editor\" data-id=\"7ced2c54\" data-element_type=\"widget\" data-e-type=\"widget\" data-widget_type=\"text-editor.default\">\n\t\t\t\t\t\t\t\t\t<p>\u00daltima atualiza\u00e7\u00e3o: Dezembro de 2025<\/p><p>Bem-vindo(a) ao blog Juliana Ambrosio.<\/p><p>Estes Termos de Uso regem o acesso e a utiliza\u00e7\u00e3o do site https:\/\/julianaambrosio.com.br e de todo o seu conte\u00fado, produtos e servi\u00e7os. Ao acessar ou utilizar este site, voc\u00ea concorda automaticamente em cumprir estes termos, todas as leis e regulamentos aplic\u00e1veis, e concorda que \u00e9 respons\u00e1vel pelo cumprimento de todas as leis locais aplic\u00e1veis.<\/p><p>Se voc\u00ea n\u00e3o concordar com algum destes termos, est\u00e1 proibido de usar ou acessar este site.<\/p><p><b>1. Licen\u00e7a de Uso e Propriedade Intelectual<\/b><\/p><p>Todo o conte\u00fado publicado neste site (textos, imagens, logotipos, v\u00eddeos, \u00e1udios, infogr\u00e1ficos, e-books e layout), salvo indica\u00e7\u00e3o em contr\u00e1rio, \u00e9 de propriedade exclusiva de Juliana Ambr\u00f3sio e est\u00e1 protegido pelas leis de direitos autorais e propriedade intelectual do Brasil.<\/p><p>\u00c9 concedida permiss\u00e3o para baixar temporariamente uma c\u00f3pia dos materiais (informa\u00e7\u00f5es ou software) no site apenas para visualiza\u00e7\u00e3o transit\u00f3ria pessoal e n\u00e3o comercial. Esta \u00e9 a concess\u00e3o de uma licen\u00e7a, n\u00e3o uma transfer\u00eancia de t\u00edtulo e, sob esta licen\u00e7a, voc\u00ea n\u00e3o pode:<\/p><p>Modificar ou copiar os materiais para uso comercial;<\/p><p>Usar os materiais para qualquer exibi\u00e7\u00e3o p\u00fablica (comercial ou n\u00e3o comercial) sem a devida atribui\u00e7\u00e3o e link para o original;<\/p><p>Tentar descompilar ou fazer engenharia reversa de qualquer software contido no site;<\/p><p>Remover quaisquer direitos autorais ou outras nota\u00e7\u00f5es de propriedade dos materiais;<\/p><p>Transferir os materiais para outra pessoa ou &#8220;espelhar&#8221; os materiais em qualquer outro servidor.<\/p><p>Esta licen\u00e7a ser\u00e1 automaticamente rescindida se voc\u00ea violar alguma dessas restri\u00e7\u00f5es e poder\u00e1 ser rescindida por Juliana Ambr\u00f3sio a qualquer momento.<\/p><p><b>2. Isen\u00e7\u00e3o de Responsabilidade (Disclaimer)<\/b><\/p><p>Os materiais no site de Juliana Ambr\u00f3sio s\u00e3o fornecidos &#8220;como est\u00e3o&#8221;.<\/p><p>Natureza Informativa: O conte\u00fado deste blog (artigos sobre Marketing, Inbound, Estrat\u00e9gias Digitais, etc.) tem car\u00e1ter meramente informativo e educacional. Embora nos esforcemos para manter as informa\u00e7\u00f5es atualizadas e corretas, n\u00e3o garantimos que as estrat\u00e9gias aqui apresentadas funcionar\u00e3o para todos os neg\u00f3cios, visto que resultados de marketing dependem de in\u00fameras vari\u00e1veis.<\/p><p>Sem Garantias: Juliana Ambrosio n\u00e3o oferece garantias, expressas ou impl\u00edcitas, e, por este meio, isenta e nega todas as outras garantias, incluindo, sem limita\u00e7\u00e3o, garantias impl\u00edcitas ou condi\u00e7\u00f5es de comercializa\u00e7\u00e3o, adequa\u00e7\u00e3o a um fim espec\u00edfico ou n\u00e3o viola\u00e7\u00e3o de propriedade intelectual.<\/p><p><b>3. Limita\u00e7\u00f5es de Responsabilidade<\/b><\/p><p>Em nenhum caso a equipe do blog Juliana Ambrosio ou seus fornecedores ser\u00e3o respons\u00e1veis por quaisquer danos (incluindo, sem limita\u00e7\u00e3o, danos por perda de dados ou lucro ou devido a interrup\u00e7\u00e3o dos neg\u00f3cios) decorrentes do uso ou da incapacidade de usar os materiais deste site, mesmo que Juliana Ambr\u00f3sio tenha sido notificada oralmente ou por escrito da possibilidade de tais danos.<\/p><p><b>4. Links Externos<\/b><\/p><p>O nosso site pode conter links para sites externos que n\u00e3o s\u00e3o operados por n\u00f3s. Esteja ciente de que n\u00e3o temos controle sobre o conte\u00fado e pr\u00e1ticas desses sites e n\u00e3o podemos aceitar responsabilidade por suas respectivas pol\u00edticas de privacidade. A inclus\u00e3o de qualquer link n\u00e3o implica endosso por Juliana Ambr\u00f3sio do site. O uso de qualquer site vinculado \u00e9 por conta e risco do usu\u00e1rio.<\/p><p><b>5. Precis\u00e3o dos Materiais<\/b><\/p><p>Os materiais exibidos no site podem incluir erros t\u00e9cnicos, tipogr\u00e1ficos ou fotogr\u00e1ficos. N\u00e3o garantimos que qualquer material em seu site seja preciso, completo ou atual, embora nos esforcemos para tal. Podemos fazer altera\u00e7\u00f5es nos materiais contidos no site a qualquer momento, sem aviso pr\u00e9vio.<\/p><p><b>6. Modifica\u00e7\u00f5es dos Termos<\/b><\/p><p>Podemos revisar estes termos de servi\u00e7o do site a qualquer momento, sem aviso pr\u00e9vio. Ao usar este site, voc\u00ea concorda em ficar vinculado \u00e0 vers\u00e3o atual desses termos de servi\u00e7o. Recomendamos que visite esta p\u00e1gina periodicamente.<\/p><p><b>7. Lei Aplic\u00e1vel<\/b><\/p><p>Estes termos e condi\u00e7\u00f5es s\u00e3o regidos e interpretados de acordo com as leis do Brasil e voc\u00ea se submete irrevogavelmente \u00e0 jurisdi\u00e7\u00e3o exclusiva dos tribunais do estado ou localidade onde a empresa\/autora est\u00e1 sediada.<\/p><p><b>8. Contato<\/b><\/p><p>Para esclarecer quaisquer d\u00favidas sobre estes Termos de Uso, entre em contato atrav\u00e9s do e-mail:<\/p><p>contato@julianaambrosio.com.br<\/p>\t\t\t\t\t\t\t\t<\/div>\n\t\t\t\t\t<\/div>\n\t\t\t\t<\/div>\n\t\t\t\t<\/div>\n\t\t","protected":false},"excerpt":{"rendered":"<p>\u00daltima atualiza\u00e7\u00e3o: Dezembro de 2025 Bem-vindo(a) ao blog Juliana Ambrosio. Estes Termos de Uso regem o acesso e a utiliza\u00e7\u00e3o do site https:\/\/julianaambrosio.com.br e de todo o seu conte\u00fado, produtos e servi\u00e7os. Ao acessar ou utilizar este site, voc\u00ea concorda automaticamente em cumprir estes termos, todas as leis e regulamentos aplic\u00e1veis, e concorda que \u00e9 respons\u00e1vel pelo cumprimento de todas as leis locais aplic\u00e1veis. Se voc\u00ea n\u00e3o concordar com algum destes termos, est\u00e1 proibido de usar ou acessar este site. 1. Licen\u00e7a de Uso e Propriedade Intelectual Todo o conte\u00fado publicado neste site (textos, imagens, logotipos, v\u00eddeos, \u00e1udios, infogr\u00e1ficos, e-books e layout), salvo indica\u00e7\u00e3o em contr\u00e1rio, \u00e9 de propriedade exclusiva de Juliana Ambr\u00f3sio e est\u00e1 protegido pelas leis de direitos autorais e propriedade intelectual do Brasil. \u00c9 concedida permiss\u00e3o para baixar temporariamente uma c\u00f3pia dos materiais (informa\u00e7\u00f5es ou software) no site apenas para visualiza\u00e7\u00e3o transit\u00f3ria pessoal e n\u00e3o comercial. Esta \u00e9 a concess\u00e3o de uma licen\u00e7a, n\u00e3o uma transfer\u00eancia de t\u00edtulo e, sob esta licen\u00e7a, voc\u00ea n\u00e3o pode: Modificar ou copiar os materiais para uso comercial; Usar os materiais para qualquer exibi\u00e7\u00e3o p\u00fablica (comercial ou n\u00e3o comercial) sem a devida atribui\u00e7\u00e3o e link para o original; Tentar descompilar ou fazer engenharia reversa de qualquer software contido no site; Remover quaisquer direitos autorais ou outras nota\u00e7\u00f5es de propriedade dos materiais; Transferir os materiais para outra pessoa ou &#8220;espelhar&#8221; os materiais em qualquer outro servidor. Esta licen\u00e7a ser\u00e1 automaticamente rescindida se voc\u00ea violar alguma dessas restri\u00e7\u00f5es e poder\u00e1 ser rescindida por Juliana Ambr\u00f3sio a qualquer momento. 2. Isen\u00e7\u00e3o de Responsabilidade (Disclaimer) Os materiais no site de Juliana Ambr\u00f3sio s\u00e3o fornecidos &#8220;como est\u00e3o&#8221;. Natureza Informativa: O conte\u00fado deste blog (artigos sobre Marketing, Inbound, Estrat\u00e9gias Digitais, etc.) tem car\u00e1ter meramente informativo e educacional. Embora nos esforcemos para manter as informa\u00e7\u00f5es atualizadas e corretas, n\u00e3o garantimos que as estrat\u00e9gias aqui apresentadas funcionar\u00e3o para todos os neg\u00f3cios, visto que resultados de marketing dependem de in\u00fameras vari\u00e1veis. Sem Garantias: Juliana Ambrosio n\u00e3o oferece garantias, expressas ou impl\u00edcitas, e, por este meio, isenta e nega todas as outras garantias, incluindo, sem limita\u00e7\u00e3o, garantias impl\u00edcitas ou condi\u00e7\u00f5es de comercializa\u00e7\u00e3o, adequa\u00e7\u00e3o a um fim espec\u00edfico ou n\u00e3o viola\u00e7\u00e3o de propriedade intelectual. 3. Limita\u00e7\u00f5es de Responsabilidade Em nenhum caso a equipe do blog Juliana Ambrosio ou seus fornecedores ser\u00e3o respons\u00e1veis por quaisquer danos (incluindo, sem limita\u00e7\u00e3o, danos por perda de dados ou lucro ou devido a interrup\u00e7\u00e3o dos neg\u00f3cios) decorrentes do uso ou da incapacidade de usar os materiais deste site, mesmo que Juliana Ambr\u00f3sio tenha sido notificada oralmente ou por escrito da possibilidade de tais danos. 4. Links Externos O nosso site pode conter links para sites externos que n\u00e3o s\u00e3o operados por n\u00f3s. Esteja ciente de que n\u00e3o temos controle sobre o conte\u00fado e pr\u00e1ticas desses sites e n\u00e3o podemos aceitar responsabilidade por suas respectivas pol\u00edticas de privacidade. A inclus\u00e3o de qualquer link n\u00e3o implica endosso por Juliana Ambr\u00f3sio do site. O uso de qualquer site vinculado \u00e9 por conta e risco do usu\u00e1rio. 5. Precis\u00e3o dos Materiais Os materiais exibidos no site podem incluir erros t\u00e9cnicos, tipogr\u00e1ficos ou fotogr\u00e1ficos. N\u00e3o garantimos que qualquer material em seu site seja preciso, completo ou atual, embora nos esforcemos para tal. Podemos fazer altera\u00e7\u00f5es nos materiais contidos no site a qualquer momento, sem aviso pr\u00e9vio. 6. Modifica\u00e7\u00f5es dos Termos Podemos revisar estes termos de servi\u00e7o do site a qualquer momento, sem aviso pr\u00e9vio. Ao usar este site, voc\u00ea concorda em ficar vinculado \u00e0 vers\u00e3o atual desses termos de servi\u00e7o. Recomendamos que visite esta p\u00e1gina periodicamente. 7. Lei Aplic\u00e1vel Estes termos e condi\u00e7\u00f5es s\u00e3o regidos e interpretados de acordo com as leis do Brasil e voc\u00ea se submete irrevogavelmente \u00e0 jurisdi\u00e7\u00e3o exclusiva dos tribunais do estado ou localidade onde a empresa\/autora est\u00e1 sediada. 8. Contato Para esclarecer quaisquer d\u00favidas sobre estes Termos de Uso, entre em contato atrav\u00e9s do e-mail: contato@julianaambrosio.com.br<\/p>\n","protected":false},"author":1,"featured_media":0,"parent":0,"menu_order":0,"comment_status":"closed","ping_status":"closed","template":"","meta":{"footnotes":""},"class_list":["post-10517","page","type-page","status-publish","hentry"],"_links":{"self":[{"href":"https:\/\/julianaambrosio.com.br\/index.php?rest_route=\/wp\/v2\/pages\/10517","targetHints":{"allow":["GET"]}}],"collection":[{"href":"https:\/\/julianaambrosio.com.br\/index.php?rest_route=\/wp\/v2\/pages"}],"about":[{"href":"https:\/\/julianaambrosio.com.br\/index.php?rest_route=\/wp\/v2\/types\/page"}],"author":[{"embeddable":true,"href":"https:\/\/julianaambrosio.com.br\/index.php?rest_route=\/wp\/v2\/users\/1"}],"replies":[{"embeddable":true,"href":"https:\/\/julianaambrosio.com.br\/index.php?rest_route=%2Fwp%2Fv2%2Fcomments&post=10517"}],"version-history":[{"count":0,"href":"https:\/\/julianaambrosio.com.br\/index.php?rest_route=\/wp\/v2\/pages\/10517\/revisions"}],"wp:attachment":[{"href":"https:\/\/julianaambrosio.com.br\/index.php?rest_route=%2Fwp%2Fv2%2Fmedia&parent=10517"}],"curies":[{"name":"wp","href":"https:\/\/api.w.org\/{rel}","templated":true}]}}